{"id":5092,"date":"2021-01-23T17:47:51","date_gmt":"2021-01-23T16:47:51","guid":{"rendered":"https:\/\/digestionesemocionales.com\/?page_id=5092"},"modified":"2022-06-08T08:40:12","modified_gmt":"2022-06-08T07:40:12","slug":"politica-de-cookies","status":"publish","type":"page","link":"https:\/\/digestionesemocionales.com\/academia\/politica-de-cookies\/","title":{"rendered":"Pol\u00edtica de Cookies"},"content":{"rendered":"<p>[et_pb_section fb_built=\u00bb1&#8243; _builder_version=\u00bb4.4.0&#8243; custom_padding=\u00bb||1px|||\u00bb locked=\u00bboff\u00bb][et_pb_row _builder_version=\u00bb4.8.1&#8243; background_color=\u00bb#FFFFFF\u00bb custom_margin=\u00bb-9px|auto||auto||\u00bb border_radii=\u00bbon|6px|6px|6px|6px\u00bb border_width_all=\u00bb0px\u00bb][et_pb_column type=\u00bb4_4&#8243; _builder_version=\u00bb4.4.0&#8243;][et_pb_text _builder_version=\u00bb4.8.1&#8243; header_2_font=\u00bbNunito Sans|700||on|||||\u00bb header_2_text_align=\u00bbcenter\u00bb header_2_text_color=\u00bb#ffffff\u00bb header_2_font_size=\u00bb29px\u00bb background_color=\u00bb#6795a0&#8243; custom_margin=\u00bb-8px|||||\u00bb custom_padding=\u00bb14px|||||\u00bb hover_enabled=\u00bb0&#8243; sticky_enabled=\u00bb0&#8243;]<\/p>\n<h2>POL\u00cdTICA DE COOKIES<\/h2>\n<p>[\/et_pb_text][\/et_pb_column][\/et_pb_row][\/et_pb_section][et_pb_section fb_built=\u00bb1&#8243; _builder_version=\u00bb4.8.1&#8243; locked=\u00bboff\u00bb][et_pb_row _builder_version=\u00bb4.4.8&#8243; module_alignment=\u00bbcenter\u00bb custom_margin=\u00bb-49px|518px||auto||\u00bb module_alignment_tablet=\u00bb\u00bb module_alignment_phone=\u00bbcenter\u00bb module_alignment_last_edited=\u00bbon|phone\u00bb][et_pb_column type=\u00bb4_4&#8243; _builder_version=\u00bb4.4.8&#8243;][et_pb_text _builder_version=\u00bb4.8.1&#8243; text_font=\u00bbNunito Sans|700|||||||\u00bb text_text_color=\u00bb#000000&#8243; text_font_size=\u00bb21px\u00bb hover_enabled=\u00bb0&#8243; sticky_enabled=\u00bb0&#8243;]<\/p>\n<p>INFORMACI\u00d3N SOBRE COOKIES<\/p>\n<p>[\/et_pb_text][et_pb_text _builder_version=\u00bb4.8.1&#8243; text_font=\u00bbNunito Sans||||||||\u00bb text_font_size=\u00bb15px\u00bb text_line_height=\u00bb1.8em\u00bb header_6_font=\u00bbNunito Sans||||||||\u00bb header_6_text_color=\u00bb#595959&#8243; header_6_line_height=\u00bb1.6em\u00bb hover_enabled=\u00bb0&#8243; sticky_enabled=\u00bb0&#8243;]<\/p>\n<h6>Debido a la entrada en vigor de la referente modificaci\u00f3n de la \u201cLey de Servicios de la Sociedad de la Informaci\u00f3n\u201d (LSSICE) establecida por el Real Decreto 13\/2012, es de obligaci\u00f3n obtener el consentimiento expreso del usuario de todas las p\u00e1ginas web que usan cookies prescindibles, antes de que \u00e9ste navegue por ellas.  <\/h6>\n<p>[\/et_pb_text][et_pb_text _builder_version=\u00bb4.8.1&#8243; text_font=\u00bbNunito Sans|700|||||||\u00bb text_text_color=\u00bb#000000&#8243; text_font_size=\u00bb21px\u00bb text_line_height=\u00bb1.8em\u00bb hover_enabled=\u00bb0&#8243; sticky_enabled=\u00bb0&#8243;]\u00bfQU\u00c9 SON LAS COOKIES?[\/et_pb_text][et_pb_text _builder_version=\u00bb4.8.1&#8243; text_font=\u00bbNunito Sans||||||||\u00bb text_font_size=\u00bb15px\u00bb text_line_height=\u00bb1.8em\u00bb header_6_font=\u00bbNunito Sans||||||||\u00bb header_6_text_color=\u00bb#595959&#8243; header_6_line_height=\u00bb1.6em\u00bb hover_enabled=\u00bb0&#8243; sticky_enabled=\u00bb0&#8243;]<\/p>\n<h6>Las cookies y otras tecnolog\u00edas similares tales como local shared objects, flash cookies o p\u00edxeles, son herramientas empleadas por los servidores Web para almacenar y recuperar informaci\u00f3n acerca de sus visitantes, as\u00ed como para ofrecer un correcto funcionamiento del sitio.<\/p>\n<p>Mediante el uso de estos dispositivos se permite al servidor Web recordar algunos datos concernientes al usuario, como sus preferencias para la visualizaci\u00f3n de las p\u00e1ginas de ese servidor, nombre y contrase\u00f1a, productos que m\u00e1s le interesan, etc.<\/h6>\n<p>[\/et_pb_text][et_pb_text _builder_version=\u00bb4.8.1&#8243; text_font=\u00bbNunito Sans|700|||||||\u00bb text_text_color=\u00bb#000000&#8243; text_font_size=\u00bb21px\u00bb text_line_height=\u00bb1.8em\u00bb hover_enabled=\u00bb0&#8243; sticky_enabled=\u00bb0&#8243;]COOKIES AFECTADAS POR LA NORMATIVA Y COOKIES EXCEPTUADAS[\/et_pb_text][et_pb_text _builder_version=\u00bb4.8.1&#8243; text_font=\u00bbNunito Sans||||||||\u00bb text_font_size=\u00bb15px\u00bb text_line_height=\u00bb1.8em\u00bb header_6_font=\u00bbNunito Sans||||||||\u00bb header_6_text_color=\u00bb#595959&#8243; header_6_line_height=\u00bb1.6em\u00bb hover_enabled=\u00bb0&#8243; sticky_enabled=\u00bb0&#8243;]<\/p>\n<h6>Seg\u00fan la directiva de la UE, las cookies que requieren el consentimiento informado por parte del usuario son las cookies de anal\u00edtica y las de publicidad y afiliaci\u00f3n, quedando exceptuadas las de car\u00e1cter t\u00e9cnico y las necesarias para el funcionamiento del sitio web o la prestaci\u00f3n de servicios expresamente solicitados por el usuario.<\/h6>\n<p>[\/et_pb_text][et_pb_text _builder_version=\u00bb4.8.1&#8243; text_font=\u00bbNunito Sans|700|||||||\u00bb text_text_color=\u00bb#000000&#8243; text_font_size=\u00bb21px\u00bb text_line_height=\u00bb1.8em\u00bb hover_enabled=\u00bb0&#8243; sticky_enabled=\u00bb0&#8243;]\u00bfQU\u00c9 TIPOS DE COOKIES EXISTEN?[\/et_pb_text][et_pb_text _builder_version=\u00bb4.8.1&#8243; text_font=\u00bbNunito Sans||||||||\u00bb text_font_size=\u00bb15px\u00bb text_line_height=\u00bb1.8em\u00bb header_6_font=\u00bbNunito Sans||||||||\u00bb header_6_text_color=\u00bb#595959&#8243; header_6_line_height=\u00bb1.6em\u00bb hover_enabled=\u00bb0&#8243; sticky_enabled=\u00bb0&#8243;]<\/p>\n<h6>Sobre los tipos de cookies, existen cinco grandes grupos:<\/p>\n<p>Cookies anal\u00edticas: recogen informaci\u00f3n del uso que se realiza del sitio web.<\/p>\n<p>Cookies sociales: son aquellas necesarias para redes sociales externas.<\/p>\n<p>Cookies de afiliados: permiten hacer un seguimiento de las visitas procedentes de otras webs, con las que el sitio web establece un contrato de afiliaci\u00f3n (empresas de afiliaci\u00f3n).<\/p>\n<p>Cookies de publicidad y comportamentales: recogen informaci\u00f3n sobre las preferencias y elecciones personales del usuario (retargeting).<\/p>\n<p>Cookies t\u00e9cnicas y funcionales: son las estrictamente necesarias para el uso del sitio web y para la prestaci\u00f3n del servicio contratado.<\/h6>\n<p>[\/et_pb_text][et_pb_text _builder_version=\u00bb4.8.1&#8243; text_font=\u00bbNunito Sans|700|||||||\u00bb text_text_color=\u00bb#000000&#8243; text_font_size=\u00bb21px\u00bb text_line_height=\u00bb1.8em\u00bb hover_enabled=\u00bb0&#8243; sticky_enabled=\u00bb0&#8243;]COOKIES QUE SE UTILIZAN EN ESTE SITIO WEB[\/et_pb_text][et_pb_text _builder_version=\u00bb4.8.1&#8243; text_font=\u00bbNunito Sans||||||||\u00bb text_font_size=\u00bb15px\u00bb text_line_height=\u00bb1.8em\u00bb header_6_font=\u00bbNunito Sans||||||||\u00bb header_6_text_color=\u00bb#595959&#8243; header_6_line_height=\u00bb1.6em\u00bb hover_enabled=\u00bb0&#8243; sticky_enabled=\u00bb0&#8243;]<\/p>\n<h6>Esta web, como la mayor\u00eda de sitios web, incluye funcionalidades proporcionadas por<br \/>\nterceros.<\/p>\n<p>Tambi\u00e9n se ponen a prueba regularmente nuevos dise\u00f1os o servicios de terceros para recomendaciones e informes.<br \/>\nEsto puede modificar ocasionalmente la configuraci\u00f3n de cookies y que aparezcan cookies no detalladas en la presente pol\u00edtica. Es importante que sepas que son cookies provisionales que no siempre es posible informar y que solo tienen finalidades de estudio y valoraci\u00f3n. En ning\u00fan caso se van a utilizar cookies que comprometan tu privacidad.<br \/>\nEntre las cookies de terceros m\u00e1s estables est\u00e1n:<br \/>\n&#8211; Las generadas por servicios de an\u00e1lisis, concretamente, Google Analytics para ayudar al website a analizar el uso que hacen los Usuarios del sitio web y mejorar la usabilidad del mismo, pero en ning\u00fan caso se asocian a datos que pudieran llegar a identificar al usuario.<\/p>\n<p>Google Analytics, es un servicio anal\u00edtico de web prestado por Google, Inc., una compa\u00f1\u00eda de Delaware cuya oficina principal est\u00e1 en 1600 Amphitheatre Parkway, Mountain View (California), CA 94043, Estados Unidos (\u201cGoogle\u201d).<br \/>\nEl usuario puede consultar aqu\u00ed el tipo de cookies utilizadas por Google. Cookie de Google+ y Google Maps, seg\u00fan lo dispuesto en su p\u00e1gina sobre qu\u00e9 tipo de cookies utilizan.<\/p>\n<p>&#8211; WordPress: Digestiones Emocionales es usuaria de la plataforma de suministro y alojamiento de blogs WordPress, propiedad de la empresa norteamericana Automattic, Inc. A tales efectos, el uso de tales cookies por los sistemas no nunca est\u00e1n bajo control o gesti\u00f3n de la responsable de la web, pueden cambiar su funci\u00f3n en cualquier momento, y entrar cookies nuevas.<\/p>\n<p>Estas cookies tampoco reportan al responsable de este web beneficio alguno.<br \/>\nAutomattic, Inc., utiliza adem\u00e1s otras cookies con la finalidad de ayudar a identificar y rastrear a los visitantes de los sitios de WordPress, conocer el uso que hacen del sitio web de Automattic, as\u00ed como sus preferencias de acceso al mismo, tal y como se recoge en el apartado \u201cCookies\u201d de su pol\u00edtica de privacidad.<\/p>\n<p>&#8211; Tambi\u00e9n se utilizan plataformas de v\u00eddeo como Vimeo, servidor de video proporcionado por Vimeo INC con domicilio en 555, West, 18th, Street New York, 10011, cuya pol\u00edtica de Cookies podr\u00e1s encontrar aqu\u00ed.<br \/>\n&#8211; Plataformas de servicios de afiliaci\u00f3n (Instalan cookies de navegador para hacer seguimiento de las ventas que tuvieron origen en esta web.<br \/>\n&#8211; Cookies de redes sociales: Las Cookies de redes sociales pueden almacenarse en su navegador mientras navega por Digestiones Emocionales por ejemplo, cuando utiliza el bot\u00f3n de compartir contenidos de Digestiones Emocionales en alguna red social.<\/p>\n<p>Las empresas que generan estas cookies correspondientes a las redes sociales que utiliza esta web tienen sus propias pol\u00edticas de cookies:<br \/>\n\uf0a7 Cookie de Twitter, seg\u00fan lo dispuesto en su pol\u00edtica de privacidad y uso de cookies.<br \/>\n\uf0a7 Cookie de Linkedin, seg\u00fan lo dispuesto en su Pol\u00edtica de cookies<br \/>\n\uf0a7 Cookie de Facebook, seg\u00fan lo dispuesto en su Pol\u00edtica de Cookies<br \/>\nLas implicaciones de privacidad estar\u00e1n en funci\u00f3n a cada red social y depender\u00e1n de la configuraci\u00f3n de privacidad que ha elegido en estas redes. En ning\u00fan caso, ni el responsable de esta web ni los anunciantes pueden obtener informaci\u00f3n personal identificable de estas cookies.<\/h6>\n<p>[\/et_pb_text][et_pb_text _builder_version=\u00bb4.8.1&#8243; text_font=\u00bbNunito Sans|700|||||||\u00bb text_text_color=\u00bb#000000&#8243; text_font_size=\u00bb21px\u00bb text_line_height=\u00bb1.8em\u00bb hover_enabled=\u00bb0&#8243; sticky_enabled=\u00bb0&#8243;]REVOCACI\u00d3N DEL CONSENTIMIENTO PARA INSTALAR COOKIES[\/et_pb_text][et_pb_text _builder_version=\u00bb4.8.1&#8243; text_font=\u00bbNunito Sans||||||||\u00bb text_font_size=\u00bb15px\u00bb text_line_height=\u00bb1.8em\u00bb header_6_font=\u00bbNunito Sans||||||||\u00bb header_6_text_color=\u00bb#595959&#8243; header_6_line_height=\u00bb1.6em\u00bb hover_enabled=\u00bb0&#8243; sticky_enabled=\u00bb0&#8243;]<\/p>\n<h6><strong>COMO ELIMINAR LAS COOKIES DEL NAVEGADOR<\/strong><\/h6>\n<h6><strong>Chrome<\/strong><\/h6>\n<h6>1. Selecciona el icono de Herramientas<\/h6>\n<h6>2. Haz clic en Configuraci\u00f3n.<\/h6>\n<h6>3. Haz clic en Mostrar Opciones Avanzadas.<\/h6>\n<h6>4. En la secci\u00f3n \u00abPrivacidad\u00bb haz clic en Configuraci\u00f3n de contenido.<\/h6>\n<h6>\u2022 Eliminar cookies: Haz clic en Todas las cookies y los datos de sitios\u2026<\/h6>\n<h6>\u2022 No permitir que se almacenen cookies.<\/h6>\n<h6>5. Haz clic en Eliminar datos de navegaci\u00f3n (vaciar la Cach\u00e9).<\/h6>\n<h6>6. Cierra y reinicia el navegador.<\/h6>\n<h6>Para m\u00e1s informaci\u00f3n sobre Chrome pulse aqu\u00ed: http:\/\/support.google.com\/chrome\/answer\/95647?hl=es<\/h6>\n<h6><strong>Internet Explorer. Versi\u00f3n 11<\/strong><\/h6>\n<h6>1. Selecciona Herramientas | Opciones de Internet.<\/h6>\n<h6>2. Haz clic en la ficha General.<\/h6>\n<h6>3. En la secci\u00f3n \u00abHistorial de exploraci\u00f3n\u00bb, haz clic en Eliminar el historial de exploraci\u00f3n al salir.<\/h6>\n<h6>4. Seleccionar Eliminar archivos.<\/h6>\n<h6>5. Seleccionar Eliminar cookies.<\/h6>\n<h6>6. Haz clic en Eliminar.<\/h6>\n<h6>7. Haz clic en Aceptar.<\/h6>\n<h6>8. Cierra y reinicia el navegador.<\/h6>\n<h6>Para m\u00e1s informaci\u00f3n sobre Internet Explorer pulse aqu\u00ed: https:\/\/support.microsoft.com\/es-es\/kb\/278835<\/h6>\n<h6><strong>Firefox. Versi\u00f3n 18<\/strong><\/h6>\n<h6>1. Selecciona Firefox | Historial | Limpiar el historial reciente.<\/h6>\n<h6>2. Al lado de \u00abDetalles\u00bb, haz clic en la flecha hacia abajo.<\/h6>\n<h6>3. Selecciona las siguientes casillas de verificaci\u00f3n: Cookies, Cach\u00e9, Inicios de sesi\u00f3n activos<\/h6>\n<h6>4. Usando el \u00abIntervalo de tiempo para borrar\u00bb en el men\u00fa desplegable, selecciona Todo.<\/h6>\n<h6>5. Haz clic en Borrar ahora.<\/h6>\n<h6>6. Cierra y reinicia el navegador.<\/h6>\n<h6>Puede aceptar o rechazar las cookies individualmente en las Preferencias de Firefox, en la secci\u00f3n Historial disponible en Herramientas &gt; Opciones &gt; Privacidad.<\/h6>\n<h6>Para m\u00e1s informaci\u00f3n sobre Mozilla Firefox pulse aqu\u00ed: https:\/\/www.mozilla.org\/es-ES\/privacy\/websites\/#cookies<\/h6>\n<h6><strong>Safari Versi\u00f3n 5.1<\/strong><\/h6>\n<h6>1. Selecciona el icono de Safari \/ Editar | Restaurar Safari.<\/h6>\n<h6>2. Selecciona las siguientes casillas de verificaci\u00f3n: Borrar el historial, Eliminar todos los datos de sitio web<\/h6>\n<h6>3. Haz clic en Restablecer.<\/h6>\n<h6>4. Cierra y reinicia el navegador.<\/h6>\n<h6>Para m\u00e1s informaci\u00f3n sobre Safari pulse aqu\u00ed: https:\/\/support.apple.com\/kb\/ph21411?locale=es_ES<\/h6>\n<h6><strong>Opera<\/strong><\/h6>\n<h6>Opciones &#8211; Avanzado &#8211; Cookies.<\/h6>\n<h6>Las opciones de cookies controlan el modo en que Opera los maneja y por lo tanto su aceptaci\u00f3n o rechazo.<\/h6>\n<h6>Para m\u00e1s informaci\u00f3n sobre \u00d3pera pulse aqu\u00ed: http:\/\/help.opera.com\/Linux\/10.60\/es-ES\/cookies.html<\/h6>\n<p>[\/et_pb_text][\/et_pb_column][\/et_pb_row][\/et_pb_section]<\/p>\n","protected":false},"excerpt":{"rendered":"<p>[et_pb_section fb_built=\u00bb1&#8243; _builder_version=\u00bb4.4.0&#8243; custom_padding=\u00bb||1px|||\u00bb locked=\u00bboff\u00bb][et_pb_row _builder_version=\u00bb4.8.1&#8243; background_color=\u00bb#FFFFFF\u00bb custom_margin=\u00bb-9px|auto||auto||\u00bb border_radii=\u00bbon|6px|6px|6px|6px\u00bb border_width_all=\u00bb0px\u00bb][et_pb_column type=\u00bb4_4&#8243; _builder_version=\u00bb4.4.0&#8243;][et_pb_text _builder_version=\u00bb4.8.1&#8243; header_2_font=\u00bbNunito Sans|700||on|||||\u00bb header_2_text_align=\u00bbcenter\u00bb header_2_text_color=\u00bb#ffffff\u00bb header_2_font_size=\u00bb29px\u00bb background_color=\u00bb#6795a0&#8243; custom_margin=\u00bb-8px|||||\u00bb custom_padding=\u00bb14px|||||\u00bb hover_enabled=\u00bb0&#8243; sticky_enabled=\u00bb0&#8243;] POL\u00cdTICA DE COOKIES [\/et_pb_text][\/et_pb_column][\/et_pb_row][\/et_pb_section][et_pb_section fb_built=\u00bb1&#8243; _builder_version=\u00bb4.8.1&#8243; locked=\u00bboff\u00bb][et_pb_row _builder_version=\u00bb4.4.8&#8243; module_alignment=\u00bbcenter\u00bb custom_margin=\u00bb-49px|518px||auto||\u00bb module_alignment_tablet=\u00bb\u00bb module_alignment_phone=\u00bbcenter\u00bb module_alignment_last_edited=\u00bbon|phone\u00bb][et_pb_column type=\u00bb4_4&#8243; _builder_version=\u00bb4.4.8&#8243;][et_pb_text _builder_version=\u00bb4.8.1&#8243; text_font=\u00bbNunito Sans|700|||||||\u00bb text_text_color=\u00bb#000000&#8243; text_font_size=\u00bb21px\u00bb hover_enabled=\u00bb0&#8243; sticky_enabled=\u00bb0&#8243;] INFORMACI\u00d3N SOBRE COOKIES [\/et_pb_text][et_pb_text _builder_version=\u00bb4.8.1&#8243; text_font=\u00bbNunito Sans||||||||\u00bb text_font_size=\u00bb15px\u00bb text_line_height=\u00bb1.8em\u00bb header_6_font=\u00bbNunito [&hellip;]<\/p>\n","protected":false},"author":3,"featured_media":0,"parent":0,"menu_order":100,"comment_status":"closed","ping_status":"closed","template":"","meta":{"footnotes":""},"class_list":["post-5092","page","type-page","status-publish","hentry"],"_links":{"self":[{"href":"https:\/\/digestionesemocionales.com\/academia\/wp-json\/wp\/v2\/pages\/5092","targetHints":{"allow":["GET"]}}],"collection":[{"href":"https:\/\/digestionesemocionales.com\/academia\/wp-json\/wp\/v2\/pages"}],"about":[{"href":"https:\/\/digestionesemocionales.com\/academia\/wp-json\/wp\/v2\/types\/page"}],"author":[{"embeddable":true,"href":"https:\/\/digestionesemocionales.com\/academia\/wp-json\/wp\/v2\/users\/3"}],"replies":[{"embeddable":true,"href":"https:\/\/digestionesemocionales.com\/academia\/wp-json\/wp\/v2\/comments?post=5092"}],"version-history":[{"count":2,"href":"https:\/\/digestionesemocionales.com\/academia\/wp-json\/wp\/v2\/pages\/5092\/revisions"}],"predecessor-version":[{"id":5095,"href":"https:\/\/digestionesemocionales.com\/academia\/wp-json\/wp\/v2\/pages\/5092\/revisions\/5095"}],"wp:attachment":[{"href":"https:\/\/digestionesemocionales.com\/academia\/wp-json\/wp\/v2\/media?parent=5092"}],"curies":[{"name":"wp","href":"https:\/\/api.w.org\/{rel}","templated":true}]}}