{"id":5083,"date":"2021-01-23T17:11:20","date_gmt":"2021-01-23T16:11:20","guid":{"rendered":"https:\/\/digestionesemocionales.com\/?page_id=5083"},"modified":"2022-06-08T08:28:13","modified_gmt":"2022-06-08T07:28:13","slug":"5083-2","status":"publish","type":"page","link":"https:\/\/digestionesemocionales.com\/academia\/5083-2\/","title":{"rendered":"Aviso Legal"},"content":{"rendered":"<p>[et_pb_section fb_built=\u00bb1&#8243; _builder_version=\u00bb4.4.0&#8243; custom_padding=\u00bb||1px|||\u00bb locked=\u00bboff\u00bb][et_pb_row _builder_version=\u00bb4.8.1&#8243; background_color=\u00bb#FFFFFF\u00bb custom_margin=\u00bb-9px|auto||auto||\u00bb border_radii=\u00bbon|6px|6px|6px|6px\u00bb border_width_all=\u00bb0px\u00bb][et_pb_column type=\u00bb4_4&#8243; _builder_version=\u00bb4.4.0&#8243;][et_pb_text _builder_version=\u00bb4.8.1&#8243; header_2_font=\u00bbNunito Sans|700||on|||||\u00bb header_2_text_align=\u00bbcenter\u00bb header_2_text_color=\u00bb#ffffff\u00bb header_2_font_size=\u00bb29px\u00bb background_color=\u00bb#6795a0&#8243; custom_margin=\u00bb-8px|||||\u00bb custom_padding=\u00bb14px|||||\u00bb]<\/p>\n<h2>AVISO LEGAL<\/h2>\n<p>[\/et_pb_text][\/et_pb_column][\/et_pb_row][\/et_pb_section][et_pb_section fb_built=\u00bb1&#8243; _builder_version=\u00bb4.8.1&#8243; locked=\u00bboff\u00bb][et_pb_row _builder_version=\u00bb4.4.8&#8243; module_alignment=\u00bbcenter\u00bb custom_margin=\u00bb-49px|518px||auto||\u00bb module_alignment_tablet=\u00bb\u00bb module_alignment_phone=\u00bbcenter\u00bb module_alignment_last_edited=\u00bbon|phone\u00bb][et_pb_column type=\u00bb4_4&#8243; _builder_version=\u00bb4.4.8&#8243;][et_pb_text _builder_version=\u00bb4.8.1&#8243; text_font=\u00bbNunito Sans|700|||||||\u00bb text_text_color=\u00bb#000000&#8243; text_font_size=\u00bb21px\u00bb]<\/p>\n<p>1. AVISO LEGAL Y T\u00c9RMINOS DE USO<\/p>\n<p>[\/et_pb_text][et_pb_text _builder_version=\u00bb4.8.1&#8243; text_font=\u00bbNunito Sans||||||||\u00bb text_font_size=\u00bb15px\u00bb text_line_height=\u00bb1.8em\u00bb header_6_font=\u00bbNunito Sans||||||||\u00bb header_6_text_color=\u00bb#595959&#8243; header_6_line_height=\u00bb1.6em\u00bb]<\/p>\n<h6>Puedo garantizarte que te encuentras en un espacio 100 % seguro, por ello, dando cumplimiento con el deber de informaci\u00f3n recogido en art\u00edculo 10 de la Ley 34\/2002, de 11 de julio, de Servicios de la Sociedad de la Informaci\u00f3n y del Comercio Electr\u00f3nico, a continuaci\u00f3n se hace constar<\/h6>\n<p>[\/et_pb_text][et_pb_text _builder_version=\u00bb4.8.1&#8243; text_font=\u00bbNunito Sans|700|||||||\u00bb text_text_color=\u00bb#000000&#8243; text_font_size=\u00bb21px\u00bb text_line_height=\u00bb1.8em\u00bb]1.1. Datos identificativos del responsable.[\/et_pb_text][et_pb_text _builder_version=\u00bb4.8.1&#8243; text_font=\u00bbNunito Sans||||||||\u00bb text_font_size=\u00bb15px\u00bb text_line_height=\u00bb1.8em\u00bb header_6_font=\u00bbNunito Sans||||||||\u00bb header_6_text_color=\u00bb#595959&#8243; header_6_line_height=\u00bb1.6em\u00bb hover_enabled=\u00bb0&#8243; sticky_enabled=\u00bb0&#8243;]<\/p>\n<h6>Tal y como recoge la Ley 34\/2002, de 11 de julio, de servicios de la sociedad de la informaci\u00f3n y de comercio electr\u00f3nico, le informo que:<br \/>\n\uf0d8 Mi denominaci\u00f3n social es: <strong>ESTEFANIA GARCIA DA SILVA<\/strong><br \/>\n\uf0d8 Mi CIF : <strong>35579197-Z<\/strong><br \/>\n\uf0d8 Mi domicilio social se encuentra en <strong>R\u00faa Nova de Abaixo, 17A 8B, 15701 &#8211; Santiago de Compostela (A Coru\u00f1a)<\/strong><br \/>\n\uf0d8 Email: <strong>info@digestionesemocionales.com<\/strong><br \/>\n\uf0d8 Su actividad social es: <strong>Servicios de Coaching<\/strong><\/h6>\n<p>[\/et_pb_text][et_pb_text _builder_version=\u00bb4.8.1&#8243; text_font=\u00bbNunito Sans|700|||||||\u00bb text_text_color=\u00bb#000000&#8243; text_font_size=\u00bb21px\u00bb text_line_height=\u00bb1.8em\u00bb]1.2. Finalidad de la p\u00e1gina web.[\/et_pb_text][et_pb_text _builder_version=\u00bb4.8.1&#8243; text_font=\u00bbNunito Sans||||||||\u00bb text_font_size=\u00bb15px\u00bb text_line_height=\u00bb1.8em\u00bb header_6_font=\u00bbNunito Sans||||||||\u00bb header_6_text_color=\u00bb#595959&#8243; header_6_line_height=\u00bb1.6em\u00bb]<\/p>\n<h6>Los servicios prestados por la responsable de la p\u00e1gina web son los siguientes:<br \/>\n\uf0d8 La venta del curso formativo sobre coaching<br \/>\n\uf0d8 La venta de servicios de coaching.<br \/>\n\uf0d8 Gestionar la lista de suscriptores y usuarios adscritos a la p\u00e1gina web.<br \/>\n\uf0d8 Suministro de contenidos en el blog<br \/>\n\uf0d8 Dirigir su red de afiliados y comerciantes as\u00ed como la gesti\u00f3n de pagos de los mismos<\/h6>\n<p>[\/et_pb_text][et_pb_text _builder_version=\u00bb4.8.1&#8243; text_font=\u00bbNunito Sans|700|||||||\u00bb text_text_color=\u00bb#000000&#8243; text_font_size=\u00bb21px\u00bb text_line_height=\u00bb1.8em\u00bb]1.3. Usuarios:[\/et_pb_text][et_pb_text _builder_version=\u00bb4.8.1&#8243; text_font=\u00bbNunito Sans||||||||\u00bb text_font_size=\u00bb15px\u00bb text_line_height=\u00bb1.8em\u00bb header_6_font=\u00bbNunito Sans||||||||\u00bb header_6_text_color=\u00bb#595959&#8243; header_6_line_height=\u00bb1.6em\u00bb]<\/p>\n<h6>El acceso y\/o uso de este sitio web atribuye la condici\u00f3n de USUARIO, que acepta, desde dicho acceso y\/o uso, los presentes t\u00e9rminos de uso, no obstante, por el mero uso de la p\u00e1gina web no significa el inicio de relaci\u00f3n laboral\/comercial alguna.<\/h6>\n<p>[\/et_pb_text][et_pb_text _builder_version=\u00bb4.8.1&#8243; text_font=\u00bbNunito Sans|700|||||||\u00bb text_text_color=\u00bb#000000&#8243; text_font_size=\u00bb21px\u00bb text_line_height=\u00bb1.8em\u00bb]1.4. Uso del sitio web y captura de informaci\u00f3n:[\/et_pb_text][et_pb_text _builder_version=\u00bb4.8.1&#8243; text_font=\u00bbNunito Sans||||||||\u00bb text_font_size=\u00bb15px\u00bb text_line_height=\u00bb1.8em\u00bb header_6_font=\u00bbNunito Sans||||||||\u00bb header_6_text_color=\u00bb#595959&#8243; header_6_line_height=\u00bb1.6em\u00bb]<\/p>\n<h6>La p\u00e1gina web https:\/\/digestionesemocionales.com en adelante (Digestiones Emocionales) proporciona elacceso a art\u00edculos, informaciones, servicios y datos (en adelante, \u201clos contenidos\u201d) propiedad de Estefan\u00eda Garc\u00eda Da Silva. El USUARIO asume la responsabilidad del uso de la web. El USUARIO se compromete a hacer un uso adecuado de los contenidos que ofrece a trav\u00e9s de su web y con car\u00e1cter enunciativo pero no limitativo, a no emplearlos para:<\/p>\n<p>(a) incurrir en actividades il\u00edcitas, ilegales o contrarias a la buena fe y al orden p\u00fablico;<br \/>\n(b) difundir contenidos o propaganda de car\u00e1cter racista, xen\u00f3fobo, pornogr\u00e1fico-ilegal, de apolog\u00eda del terrorismo o atentatorio contra los derechos humanos;<br \/>\n(c) provocar da\u00f1os en los sistemas f\u00edsicos y l\u00f3gicos de [WEB], de sus proveedores o de terceras personas, introducir o difundir en la red virus inform\u00e1ticos o cualesquiera otros sistemas f\u00edsicos o l\u00f3gicos que sean susceptibles de provocar los da\u00f1os anteriormente mencionados;<br \/>\n(d) intentar acceder y, en su caso, utilizar las cuentas de correo electr\u00f3nico de otros usuarios y modificar o manipular sus mensajes.<br \/>\nEstefan\u00eda Garc\u00eda Da Silva se reserva el derecho de retirar todos aquellos comentarios y aportaciones que vulneren el respeto a la dignidad de la persona, que sean discriminatorios, xen\u00f3fobos, racistas,<br \/>\npornogr\u00e1ficos, que atenten contra la juventud o la infancia, el orden o la seguridad p\u00fablica o que, a su juicio, no resultaran adecuados para su publicaci\u00f3n.<br \/>\nEn cualquier caso, Estefan\u00eda Garc\u00eda Da Silva no ser\u00e1 responsable de las opiniones vertidas por los usuarios a trav\u00e9s del blog u otras herramientas de participaci\u00f3n que puedan crearse, conforme a lo previsto en la normativa de aplicaci\u00f3n.<\/p>\n<p>Captura de informaci\u00f3n:<\/p>\n<p>&#8211; Formulario de contacto, donde el USUARIO deber\u00e1 rellenar el campo de correo electr\u00f3nico, asunto y nombre.<br \/>\n&#8211; Formulario de suscripci\u00f3n, rellenando el USUARIO los campos requeridos.<br \/>\n&#8211; Formularios de venta, rellenando el USUARIO los datos necesarios para la adquisici\u00f3n del curso\/servicio\/producto con los campos de nombre, apellidos, direcci\u00f3n, ciudad, pa\u00eds, estado, c\u00f3digo postal, email y contrase\u00f1a<br \/>\n&#8211; Cookies de rastreo, conforme a las siguientes reglas.<br \/>\n&#8211; Navegaci\u00f3n y Direcci\u00f3n IP: Al navegar por esta web, el usuario facilita de forma autom\u00e1tica al servidor de la web informaci\u00f3n relativa a tu direcci\u00f3n IP, fecha y hora de acceso, el hiperv\u00ednculo que le ha reenviado a \u00e9stas, tu sistema operativo y el navegador utilizado.<br \/>\nA pesar de lo anterior, los usuarios podr\u00e1n darse de baja en cualquier momento de los servicios prestados por Estefan\u00eda Garc\u00eda Da Silva o datos aportados por el USUARIO dando cumplimiento a la normativa vigente sobre Protecci\u00f3n de Datos. Asimismo, tanto al suscribirse a esta p\u00e1gina web como al realizar alg\u00fan comentario en cualquiera de sus p\u00e1ginas y\/o entradas, el usuario consiente:<br \/>\n1. El tratamiento de sus datos personales en el entorno de WordPress conforme a sus pol\u00edticas de privacidad.<br \/>\n2. El acceso de Estefan\u00eda Garc\u00eda Da Silva a los datos que, de acuerdo con la infraestructura de WordPress, necesite el usuario aportar bien para la suscripci\u00f3n al curso\/servicio\/p\u00e1gina web bien para cualquier consulta mediante el formulario de contacto.<br \/>\nAsimismo, informamos que la informaci\u00f3n de nuestros usuarios est\u00e1 protegida de acuerdo a nuestra<a href=\"https:\/\/digestionesemocionales.com\/politica-de-privacidad\/\"> pol\u00edtica de privacidad<\/a>.<br \/>\nAl activar una suscripci\u00f3n, formulario de contacto o comentario, el usuario comprende y acepta que:<br \/>\nDesde el momento en que efect\u00faa su suscripci\u00f3n o accedes a alg\u00fan servicio de pago, Estefan\u00eda Garc\u00eda Da Silva tiene acceso.<\/p>\n<p>3 a: Nombre, y email, o dem\u00e1s datos necesarios para facturaci\u00f3n<br \/>\nconformando un fichero debidamente inscrito en el Registro General de la Agencia Espa\u00f1ola de Protecci\u00f3n de Datos con el nombre de \u201cUSUARIOS DE LA WEB Y SUSCRIPTORES\u201d o en el caso de realizar alguna compra, ser\u00e1 suscrito al fichero de \u201cCLIENTES Y\/O PROVEEDORES\u201d teniendo acceso a datos de nombre, apellidos, email, dni y domicilio completo.<br \/>\nEn todo caso Estefan\u00eda Garc\u00eda Da Silva se reserva el derecho de modificar, en cualquier momento y sin necesidad de previo aviso, la presentaci\u00f3n y configuraci\u00f3n de la web Digestiones Emocionales  como el presente aviso legal.<\/h6>\n<p>[\/et_pb_text][et_pb_text _builder_version=\u00bb4.8.1&#8243; text_font=\u00bbNunito Sans|700|||||||\u00bb text_text_color=\u00bb#000000&#8243; text_font_size=\u00bb21px\u00bb text_line_height=\u00bb1.8em\u00bb]2. PROPIEDAD INTELECTUAL E INDUSTRIAL[\/et_pb_text][et_pb_text _builder_version=\u00bb4.8.1&#8243; text_font=\u00bbNunito Sans||||||||\u00bb text_font_size=\u00bb15px\u00bb text_line_height=\u00bb1.8em\u00bb header_6_font=\u00bbNunito Sans||||||||\u00bb header_6_text_color=\u00bb#595959&#8243; header_6_line_height=\u00bb1.6em\u00bb]<\/p>\n<h6>Estefan\u00eda Garc\u00eda Da Silva por s\u00ed o como cesionario, es titular de todos los derechos de propiedad intelectual e industrial de su p\u00e1gina web, as\u00ed como de los elementos contenidos en la misma (a t\u00edtulo enunciativo, im\u00e1genes, sonido, audio, v\u00eddeo, software o textos; marcas o logotipos, combinaciones de colores, estructura y dise\u00f1o, selecci\u00f3n de materiales usados, programas de ordenador necesarios para su funcionamiento, acceso y uso, etc.), titularidad de Estefan\u00eda Garc\u00eda Da Silva o bien de sus licenciantes. Todos los derechos reservados.<\/p>\n<p>Cualquier uso no autorizado previamente por Estefan\u00eda Garc\u00eda Da Silva, ser\u00e1 considerado un incumplimiento grave de los derechos de propiedad intelectual o industrial del autor.<br \/>\nQuedan expresamente prohibidas la reproducci\u00f3n, la distribuci\u00f3n y la comunicaci\u00f3n p\u00fablica, incluida su modalidad de puesta a disposici\u00f3n, de la totalidad o parte de los contenidos de esta p\u00e1gina web, con fines comerciales, en cualquier soporte y por cualquier medio t\u00e9cnico, sin la<br \/>\nautorizaci\u00f3n de Estefan\u00eda Garc\u00eda Da Silva.<\/p>\n<p>El USUARIO se compromete a respetar los derechos de Propiedad Intelectual e Industrial titularidad de Estefan\u00eda Garc\u00eda Da Silva.<br \/>\nPodr\u00e1 visualizar \u00fanicamente los elementos de la web sin posibilidad de imprimirlos, copiarlos o almacenarlos en el disco duro de su ordenador o en cualquier otro soporte f\u00edsico. El USUARIO deber\u00e1 abstenerse de suprimir, alterar, eludir o manipular cualquier dispositivo de protecci\u00f3n o<\/p>\n<p>4. Sistema de seguridad que estuviera instalado en las p\u00e1ginas de Estefan\u00eda Garc\u00eda Da Silva.<br \/>\nQueda terminantemente prohibido compartir la licencia para uso con m\u00e1s personas, cada licencia es personal e intransferible reserv\u00e1ndonos cuantas acciones civiles y penales nos asistan en aras de salvaguardar nuestros derechos, todo ello bajo apercibimiento de incurrir en un delito contra la propiedad intelectual del art. 270 y ss del C\u00f3digo Penal con penas de prisi\u00f3n de hasta 4 a\u00f1os.<\/h6>\n<p>[\/et_pb_text][et_pb_text _builder_version=\u00bb4.8.1&#8243; text_font=\u00bbNunito Sans|700|||||||\u00bb text_text_color=\u00bb#000000&#8243; text_font_size=\u00bb21px\u00bb text_line_height=\u00bb1.8em\u00bb]3. EXCLUSI\u00d3N DE GARANT\u00cdAS Y RESPONSABILIDAD[\/et_pb_text][et_pb_text _builder_version=\u00bb4.8.1&#8243; text_font=\u00bbNunito Sans||||||||\u00bb text_font_size=\u00bb15px\u00bb text_line_height=\u00bb1.8em\u00bb header_6_font=\u00bbNunito Sans||||||||\u00bb header_6_text_color=\u00bb#595959&#8243; header_6_line_height=\u00bb1.6em\u00bb]<\/p>\n<h6>Estefan\u00eda Garc\u00eda Da Silva no se hace responsable, en ning\u00fan caso, de los da\u00f1os y perjuicios de cualquier naturaleza que pudieran ocasionar, a t\u00edtulo enunciativo: por errores u omisiones en los contenidos, por falta de disponibilidad del sitio web, \u2013 el cual realizar\u00e1 paradas peri\u00f3dicas por mantenimientos t\u00e9cnicos \u2013 as\u00ed como por la transmisi\u00f3n de virus o programas maliciosos o lesivos en los contenidos, a pesar de haber adoptado todas las medidas tecnol\u00f3gicas necesarias para evitarlo.<\/h6>\n<p>[\/et_pb_text][et_pb_text _builder_version=\u00bb4.8.1&#8243; text_font=\u00bbNunito Sans|700|||||||\u00bb text_text_color=\u00bb#000000&#8243; text_font_size=\u00bb21px\u00bb text_line_height=\u00bb1.8em\u00bb]4. MODIFICACIONES[\/et_pb_text][et_pb_text _builder_version=\u00bb4.8.1&#8243; text_font=\u00bbNunito Sans||||||||\u00bb text_font_size=\u00bb15px\u00bb text_line_height=\u00bb1.8em\u00bb header_6_font=\u00bbNunito Sans||||||||\u00bb header_6_text_color=\u00bb#595959&#8243; header_6_line_height=\u00bb1.6em\u00bb]<\/p>\n<h6>Estefan\u00eda Garc\u00eda Da Silva se reserva el derecho de efectuar sinprevio aviso las modificaciones que considere oportunas en su web, pudiendo cambiar, suprimir o a\u00f1adir tanto los contenidos y servicios que se presten a trav\u00e9s de la misma como la forma en la que \u00e9stos aparezcan presentados o localizados en su web.<\/h6>\n<p>[\/et_pb_text][et_pb_text _builder_version=\u00bb4.8.1&#8243; text_font=\u00bbNunito Sans|700|||||||\u00bb text_text_color=\u00bb#000000&#8243; text_font_size=\u00bb21px\u00bb text_line_height=\u00bb1.8em\u00bb]5. POL\u00cdTICA DE ENLACES[\/et_pb_text][et_pb_text _builder_version=\u00bb4.8.1&#8243; text_font=\u00bbNunito Sans||||||||\u00bb text_font_size=\u00bb15px\u00bb text_line_height=\u00bb1.8em\u00bb header_6_font=\u00bbNunito Sans||||||||\u00bb header_6_text_color=\u00bb#595959&#8243; header_6_line_height=\u00bb1.6em\u00bb]<\/p>\n<h6>Las personas o entidades que pretendan realizar o realicen un hiperenlace desde una p\u00e1gina web de otro portal de Internet a la web de Digestiones Emocionales deber\u00e1 someterse las siguientes condiciones:<\/p>\n<p>\u2013 No se permite la reproducci\u00f3n total o parcial de ninguno de los servicios ni contenidos del sitio web sin la previa autorizaci\u00f3n expresa de Estefan\u00eda Garc\u00eda Da Silva.<br \/>\n\u2013 No se establecer\u00e1n deep-links ni enlaces IMG o de imagen, ni frames con la web de Digestiones Emocionales sin su previa autorizaci\u00f3n expresa.<br \/>\n\u2013 No se establecer\u00e1 ninguna manifestaci\u00f3n falsa, inexacta o incorrecta sobre la web de Digestiones Emocionales, ni sobre los servicios o contenidos de la misma. Salvo aquellos signos que formen parte del hiperv\u00ednculo, la p\u00e1gina web en la que se establezca no contendr\u00e1 ninguna marca, nombre comercial, r\u00f3tulo de establecimiento, denominaci\u00f3n, logotipo, eslogan u otros signos distintivos pertenecientes a Estefan\u00eda Garc\u00eda Da Silva, salvo autorizaci\u00f3n expresa de \u00e9ste.<br \/>\n\u2013 El establecimiento del hiperv\u00ednculo no implicar\u00e1 la existencia de relaciones entre Estefan\u00eda Garc\u00eda Da Silva y el titular de la p\u00e1gina web o del portal desde el cual se realice, ni el conocimiento y aceptaci\u00f3n de Estefan\u00eda Garc\u00eda Da Silva de los servicios y<br \/>\ncontenidos ofrecidos en dicha p\u00e1gina web o portal.<\/p>\n<p>\u2013 Estefan\u00eda Garc\u00eda Da Silva. no ser\u00e1 responsable de los contenidos o servicios puestos a disposici\u00f3n del p\u00fablico en la p\u00e1gina web o portal desde el cual se realice el hiperv\u00ednculo, ni de las informaciones y manifestaciones incluidas en los mismos.<\/p>\n<p>El sitio web de Digestiones emocionales puede poner a disposici\u00f3n del usuario conexiones y enlaces a otros sitios web gestionados y controlados por terceros. Dichos enlaces tienen como exclusiva funci\u00f3n, la de facilitar a los usuarios la b\u00fasqueda de informaci\u00f3n, contenidos y servicios en Internet, sin que en ning\u00fan caso pueda considerarse una sugerencia, recomendaci\u00f3n o invitaci\u00f3n para la visita de los mismos.<\/p>\n<p>Estefan\u00eda Garc\u00eda Da Silva. no comercializa, ni dirige, ni controla previamente, ni hace propios los contenidos, servicios, informaciones y manifestaciones disponibles en dichos sitios web. <\/p>\n<p>Estefan\u00eda Garc\u00eda Da Silva no asume ning\u00fan tipo de responsabilidad, ni siquiera de forma indirecta o subsidiaria, por los da\u00f1os y perjuicios de toda clase que pudieran derivarse del acceso, mantenimiento, uso, calidad, licitud, fiabilidad y utilidad de los contenidos, informaciones, comunicaciones, opiniones, manifestaciones, productos y servicios existentes u ofrecidos en los sitios web no gestionados por Estefan\u00eda Garc\u00eda Da Silva. y que resulten accesibles a trav\u00e9s de Digestioens Emocionales<\/h6>\n<p>[\/et_pb_text][et_pb_text _builder_version=\u00bb4.8.1&#8243; text_font=\u00bbNunito Sans|700|||||||\u00bb text_text_color=\u00bb#000000&#8243; text_font_size=\u00bb21px\u00bb text_line_height=\u00bb1.8em\u00bb]6. DERECHO DE EXCLUSI\u00d3N[\/et_pb_text][et_pb_text _builder_version=\u00bb4.8.1&#8243; text_font=\u00bbNunito Sans||||||||\u00bb text_font_size=\u00bb15px\u00bb text_line_height=\u00bb1.8em\u00bb header_6_font=\u00bbNunito Sans||||||||\u00bb header_6_text_color=\u00bb#595959&#8243; header_6_line_height=\u00bb1.6em\u00bb]<\/p>\n<h6>Estefan\u00eda Garc\u00eda Da Silva se reserva el derecho a denegar o retirar el acceso al portal y\/o los servicios ofrec idos sin necesidad de preaviso, a instancia propia o de un tercero, a aquellos usuarios que incumplan las presentes Condiciones Generales de Uso.<\/h6>\n<p>[\/et_pb_text][et_pb_text _builder_version=\u00bb4.8.1&#8243; text_font=\u00bbNunito Sans|700|||||||\u00bb text_text_color=\u00bb#000000&#8243; text_font_size=\u00bb21px\u00bb text_line_height=\u00bb1.8em\u00bb]7. GENERALIDADES[\/et_pb_text][et_pb_text _builder_version=\u00bb4.8.1&#8243; text_font=\u00bbNunito Sans||||||||\u00bb text_font_size=\u00bb15px\u00bb text_line_height=\u00bb1.8em\u00bb header_6_font=\u00bbNunito Sans||||||||\u00bb header_6_text_color=\u00bb#595959&#8243; header_6_line_height=\u00bb1.6em\u00bb]<\/p>\n<h6>Estefan\u00eda Garc\u00eda Da Silva perseguir\u00e1 el incumplimiento de las presentes condiciones as\u00ed como cualquier utilizaci\u00f3n indebida de su web ejerciendo todas las acciones civiles y penales que le puedan corresponder en derecho.<\/h6>\n<p>[\/et_pb_text][et_pb_text _builder_version=\u00bb4.8.1&#8243; text_font=\u00bbNunito Sans|700|||||||\u00bb text_text_color=\u00bb#000000&#8243; text_font_size=\u00bb21px\u00bb text_line_height=\u00bb1.8em\u00bb]8. MODIFICACI\u00d3N DE LAS PRESENTES CONDICIONES Y DURACI\u00d3N[\/et_pb_text][et_pb_text _builder_version=\u00bb4.8.1&#8243; text_font=\u00bbNunito Sans||||||||\u00bb text_font_size=\u00bb15px\u00bb text_line_height=\u00bb1.8em\u00bb header_6_font=\u00bbNunito Sans||||||||\u00bb header_6_text_color=\u00bb#595959&#8243; header_6_line_height=\u00bb1.6em\u00bb]<\/p>\n<h6>Estefan\u00eda Garc\u00eda Da Silva podr\u00e1 modificar en cualquier momento las condiciones aqu\u00ed determinadas, siendo debidamente publicadas como aqu\u00ed aparecen. La vigencia de las citadas condiciones ir\u00e1 en funci\u00f3n de su exposici\u00f3n y estar\u00e1n vigentes hasta que sean modificadas por otras debidamente publicadas.<\/h6>\n<p>[\/et_pb_text][et_pb_text _builder_version=\u00bb4.8.1&#8243; text_font=\u00bbNunito Sans|700|||||||\u00bb text_text_color=\u00bb#000000&#8243; text_font_size=\u00bb21px\u00bb text_line_height=\u00bb1.8em\u00bb]9. RECLAMACIONES Y DUDAS[\/et_pb_text][et_pb_text _builder_version=\u00bb4.8.1&#8243; text_font=\u00bbNunito Sans||||||||\u00bb text_font_size=\u00bb15px\u00bb text_line_height=\u00bb1.8em\u00bb header_6_font=\u00bbNunito Sans||||||||\u00bb header_6_text_color=\u00bb#595959&#8243; header_6_line_height=\u00bb1.6em\u00bb]<\/p>\n<h6>Estefan\u00eda Garc\u00eda Da Silva informa que existen hojas de reclamaci\u00f3n a disposici\u00f3n de usuarios y clientes pudiendo remitir un correo a <em>info@digestionesemocionales<\/em>.com indicando su nombre y apellidos, el servicio o producto adquirido y exponiendo los motivos de su reclamaci\u00f3n.<\/p>\n<p>Tambi\u00e9n puede dirigir su reclamaci\u00f3n por correo postal dirigido a:<br \/>\n<em>Estefan\u00eda Garc\u00eda Da Silva, R\u00faa Nova de Abaixo 17A 8B, 15701 &#8211; Santiago de Compostela<\/em><br \/>\n<em> (A Coru\u00f1a).<\/em><\/h6>\n<p>[\/et_pb_text][et_pb_text _builder_version=\u00bb4.8.1&#8243; text_font=\u00bbNunito Sans|700|||||||\u00bb text_text_color=\u00bb#000000&#8243; text_font_size=\u00bb21px\u00bb text_line_height=\u00bb1.8em\u00bb]10. LEGISLACI\u00d3N APLICABLE Y JURISDICCI\u00d3N[\/et_pb_text][et_pb_text _builder_version=\u00bb4.8.1&#8243; text_font=\u00bbNunito Sans||||||||\u00bb text_font_size=\u00bb15px\u00bb text_line_height=\u00bb1.8em\u00bb header_6_font=\u00bbNunito Sans||||||||\u00bb header_6_text_color=\u00bb#595959&#8243; header_6_line_height=\u00bb1.6em\u00bb]<\/p>\n<h6>La relaci\u00f3n entre Estefan\u00eda Garc\u00eda Da Silvay el USUARIO se regir\u00e1 por la normativa espa\u00f1ola vigente y cualquier controversia se someter\u00e1 a los Juzgados y tribunales de la ciudad de Santiago de Compostela, salvo que la Ley aplicable disponga otra cosa.<\/h6>\n<p>[\/et_pb_text][\/et_pb_column][\/et_pb_row][\/et_pb_section]<\/p>\n","protected":false},"excerpt":{"rendered":"<p>[et_pb_section fb_built=\u00bb1&#8243; _builder_version=\u00bb4.4.0&#8243; custom_padding=\u00bb||1px|||\u00bb locked=\u00bboff\u00bb][et_pb_row _builder_version=\u00bb4.8.1&#8243; background_color=\u00bb#FFFFFF\u00bb custom_margin=\u00bb-9px|auto||auto||\u00bb border_radii=\u00bbon|6px|6px|6px|6px\u00bb border_width_all=\u00bb0px\u00bb][et_pb_column type=\u00bb4_4&#8243; _builder_version=\u00bb4.4.0&#8243;][et_pb_text _builder_version=\u00bb4.8.1&#8243; header_2_font=\u00bbNunito Sans|700||on|||||\u00bb header_2_text_align=\u00bbcenter\u00bb header_2_text_color=\u00bb#ffffff\u00bb header_2_font_size=\u00bb29px\u00bb background_color=\u00bb#6795a0&#8243; custom_margin=\u00bb-8px|||||\u00bb custom_padding=\u00bb14px|||||\u00bb] AVISO LEGAL [\/et_pb_text][\/et_pb_column][\/et_pb_row][\/et_pb_section][et_pb_section fb_built=\u00bb1&#8243; _builder_version=\u00bb4.8.1&#8243; locked=\u00bboff\u00bb][et_pb_row _builder_version=\u00bb4.4.8&#8243; module_alignment=\u00bbcenter\u00bb custom_margin=\u00bb-49px|518px||auto||\u00bb module_alignment_tablet=\u00bb\u00bb module_alignment_phone=\u00bbcenter\u00bb module_alignment_last_edited=\u00bbon|phone\u00bb][et_pb_column type=\u00bb4_4&#8243; _builder_version=\u00bb4.4.8&#8243;][et_pb_text _builder_version=\u00bb4.8.1&#8243; text_font=\u00bbNunito Sans|700|||||||\u00bb text_text_color=\u00bb#000000&#8243; text_font_size=\u00bb21px\u00bb] 1. AVISO LEGAL Y T\u00c9RMINOS DE USO [\/et_pb_text][et_pb_text _builder_version=\u00bb4.8.1&#8243; text_font=\u00bbNunito Sans||||||||\u00bb text_font_size=\u00bb15px\u00bb text_line_height=\u00bb1.8em\u00bb header_6_font=\u00bbNunito Sans||||||||\u00bb [&hellip;]<\/p>\n","protected":false},"author":3,"featured_media":0,"parent":0,"menu_order":100,"comment_status":"closed","ping_status":"closed","template":"","meta":{"footnotes":""},"class_list":["post-5083","page","type-page","status-publish","hentry"],"_links":{"self":[{"href":"https:\/\/digestionesemocionales.com\/academia\/wp-json\/wp\/v2\/pages\/5083","targetHints":{"allow":["GET"]}}],"collection":[{"href":"https:\/\/digestionesemocionales.com\/academia\/wp-json\/wp\/v2\/pages"}],"about":[{"href":"https:\/\/digestionesemocionales.com\/academia\/wp-json\/wp\/v2\/types\/page"}],"author":[{"embeddable":true,"href":"https:\/\/digestionesemocionales.com\/academia\/wp-json\/wp\/v2\/users\/3"}],"replies":[{"embeddable":true,"href":"https:\/\/digestionesemocionales.com\/academia\/wp-json\/wp\/v2\/comments?post=5083"}],"version-history":[{"count":4,"href":"https:\/\/digestionesemocionales.com\/academia\/wp-json\/wp\/v2\/pages\/5083\/revisions"}],"predecessor-version":[{"id":5090,"href":"https:\/\/digestionesemocionales.com\/academia\/wp-json\/wp\/v2\/pages\/5083\/revisions\/5090"}],"wp:attachment":[{"href":"https:\/\/digestionesemocionales.com\/academia\/wp-json\/wp\/v2\/media?parent=5083"}],"curies":[{"name":"wp","href":"https:\/\/api.w.org\/{rel}","templated":true}]}}